{"id":57,"date":"2025-02-27T12:17:09","date_gmt":"2025-02-27T11:17:09","guid":{"rendered":"https:\/\/ftmadrid.es\/?page_id=57"},"modified":"2026-03-02T13:09:01","modified_gmt":"2026-03-02T12:09:01","slug":"becas","status":"publish","type":"page","link":"https:\/\/ftmadrid.es\/index.php\/becas\/","title":{"rendered":"BECAS"},"content":{"rendered":"<p>[et_pb_section fb_built=\u00bb1&#8243; admin_label=\u00bbHeader\u00bb _builder_version=\u00bb4.16&#8243; _module_preset=\u00bbdefault\u00bb use_background_color_gradient=\u00bbon\u00bb background_color_gradient_direction=\u00bb90deg\u00bb background_color_gradient_stops=\u00bbrgba(0,0,0,0) 50%|#ffffff 50%\u00bb background_color_gradient_overlays_image=\u00bbon\u00bb background_color_gradient_start=\u00bbrgba(0,0,0,0)\u00bb background_color_gradient_start_position=\u00bb50%\u00bb background_color_gradient_end=\u00bb#ffffff\u00bb background_color_gradient_end_position=\u00bb50%\u00bb background_image=\u00bbhttps:\/\/ftmadrid.es\/wp-content\/uploads\/2025\/01\/tennis-club-015.jpg\u00bb locked=\u00bboff\u00bb global_colors_info=\u00bb{}\u00bb][et_pb_row column_structure=\u00bb1_4,3_4&#8243; _builder_version=\u00bb4.16&#8243; _module_preset=\u00bbdefault\u00bb custom_padding=\u00bb||0px|||\u00bb global_colors_info=\u00bb{}\u00bb][et_pb_column type=\u00bb1_4&#8243; _builder_version=\u00bb4.16&#8243; _module_preset=\u00bbdefault\u00bb global_colors_info=\u00bb{}\u00bb][\/et_pb_column][et_pb_column type=\u00bb3_4&#8243; _builder_version=\u00bb4.16&#8243; _module_preset=\u00bbdefault\u00bb background_color=\u00bb#D5FF00&#8243; custom_padding=\u00bb50px|50px|50px|50px|true|true\u00bb custom_padding_tablet=\u00bb40px|30px|40px|30px|true|true\u00bb custom_padding_phone=\u00bb|20px||20px|false|true\u00bb custom_padding_last_edited=\u00bbon|phone\u00bb mix_blend_mode=\u00bbmultiply\u00bb animation_style=\u00bbslide\u00bb animation_direction=\u00bbright\u00bb animation_duration=\u00bb700ms\u00bb animation_delay=\u00bb300ms\u00bb animation_intensity_slide=\u00bb15%\u00bb animation_duration_tablet=\u00bb0ms\u00bb animation_duration_phone=\u00bb\u00bb animation_duration_last_edited=\u00bbon|tablet\u00bb animation_delay_tablet=\u00bb0ms\u00bb animation_delay_phone=\u00bb\u00bb animation_delay_last_edited=\u00bbon|tablet\u00bb animation_intensity_slide_tablet=\u00bb0%\u00bb animation_intensity_slide_phone=\u00bb\u00bb animation_intensity_slide_last_edited=\u00bbon|tablet\u00bb global_colors_info=\u00bb{}\u00bb][et_pb_text _builder_version=\u00bb4.27.4&#8243; _module_preset=\u00bb77bd6224-541c-4dfa-aa0c-4832456a9557&#8243; text_line_height=\u00bb1.8em\u00bb header_font=\u00bbMontserrat|900|on|on|||||\u00bb header_text_color=\u00bb#000000&#8243; header_font_size=\u00bb165px\u00bb header_line_height=\u00bb0.8em\u00bb text_orientation=\u00bbright\u00bb custom_margin_tablet=\u00bb|||0px|false|false\u00bb custom_margin_last_edited=\u00bboff|desktop\u00bb header_font_size_tablet=\u00bb60px\u00bb header_font_size_phone=\u00bb30px\u00bb header_font_size_last_edited=\u00bbon|phone\u00bb locked=\u00bboff\u00bb global_colors_info=\u00bb{}\u00bb]<\/p>\n<h1>BECAS FTM<\/h1>\n<p>&nbsp;<\/p>\n<p>[\/et_pb_text][\/et_pb_column][\/et_pb_row][et_pb_row _builder_version=\u00bb4.16&#8243; _module_preset=\u00bbdefault\u00bb custom_padding=\u00bb0px|||||\u00bb global_colors_info=\u00bb{}\u00bb][et_pb_column type=\u00bb4_4&#8243; _builder_version=\u00bb4.16&#8243; _module_preset=\u00bbdefault\u00bb global_colors_info=\u00bb{}\u00bb][et_pb_button button_url=\u00bb@ET-DC@eyJkeW5hbWljIjp0cnVlLCJjb250ZW50IjoicG9zdF9saW5rX3VybF9wYWdlIiwic2V0dGluZ3MiOnsicG9zdF9pZCI6IjkwIn19@\u00bb url_new_window=\u00bbon\u00bb button_text=\u00bb\u00bfNECESITAS AYUDA? !CONTACTO!\u00bb button_alignment=\u00bbright\u00bb _builder_version=\u00bb4.27.4&#8243; _dynamic_attributes=\u00bbbutton_url\u00bb _module_preset=\u00bb_initial\u00bb custom_button=\u00bbon\u00bb button_text_size=\u00bb14px\u00bb button_text_color=\u00bb#FFFFFF\u00bb button_bg_color=\u00bb#000000&#8243; button_border_width=\u00bb0px\u00bb button_border_radius=\u00bb0px\u00bb button_letter_spacing=\u00bb2px\u00bb button_font=\u00bbSyncopate|700||on|||||\u00bb button_use_icon=\u00bboff\u00bb custom_padding=\u00bb18px|30px|18px|30px|true|true\u00bb custom_padding_tablet=\u00bb16px|25px|16px|25px|true|true\u00bb custom_padding_phone=\u00bb14px|20px|14px|20px|true|true\u00bb custom_padding_last_edited=\u00bbon|phone\u00bb locked=\u00bboff\u00bb global_colors_info=\u00bb{}\u00bb button_text_color__hover=\u00bb#D5FF00&#8243; button_text_color__hover_enabled=\u00bbon|hover\u00bb][\/et_pb_button][\/et_pb_column][\/et_pb_row][\/et_pb_section][et_pb_section fb_built=\u00bb1&#8243; admin_label=\u00bbVideo\u00bb _builder_version=\u00bb4.16&#8243; _module_preset=\u00bbdefault\u00bb background_image=\u00bbhttps:\/\/ftmadrid.es\/wp-content\/uploads\/2025\/02\/tennis-club-031.png\u00bb global_colors_info=\u00bb{}\u00bb][et_pb_row _builder_version=\u00bb4.16&#8243; _module_preset=\u00bbdefault\u00bb global_colors_info=\u00bb{}\u00bb][et_pb_column type=\u00bb4_4&#8243; _builder_version=\u00bb4.16&#8243; _module_preset=\u00bbdefault\u00bb global_colors_info=\u00bb{}\u00bb][et_pb_heading title=\u00bbBECAS FTM 2026&#8243; _builder_version=\u00bb4.27.4&#8243; _module_preset=\u00bbdefault\u00bb title_text_align=\u00bbcenter\u00bb global_colors_info=\u00bb{}\u00bb][\/et_pb_heading][et_pb_heading title=\u00bbPara premiar el esfuerzo de nuestros jugadores la FTM ha creado un nuevo programa de becas\u00bb _builder_version=\u00bb4.27.4&#8243; _module_preset=\u00bbdefault\u00bb title_level=\u00bbh3&#8243; title_text_align=\u00bbcenter\u00bb global_colors_info=\u00bb{}\u00bb][\/et_pb_heading][et_pb_text _builder_version=\u00bb4.27.4&#8243; _module_preset=\u00bbdefault\u00bb global_colors_info=\u00bb{}\u00bb]<\/p>\n<p>Viene siendo una realidad desde hace tiempo que el n\u00famero de tenistas madrile\u00f1os que participa en torneos fuera de su comunidad va en aumento. Valorando ese esfuerzo, y siendo la protecci\u00f3n y promoci\u00f3n de los tenistas madrile\u00f1os uno de los objetivos fundamentales de la estrategia de desarrollo de la Federaci\u00f3n de Tenis de Madrid, se hace necesario apoyar ese esfuerzo y hacerlo menos costoso para nuestros jugadores\/as. Con este objetivo, se acuerda establecer un programa de becas o ayudas al que puedan acceder nuestros jugadores\/as.<\/p>\n<p>[\/et_pb_text][et_pb_text _builder_version=\u00bb4.27.4&#8243; _module_preset=\u00bbdefault\u00bb custom_padding=\u00bb1px|||||\u00bb global_colors_info=\u00bb{}\u00bb]<\/p>\n<p>Si ya lo tienes claro puedes acceder directamente a <strong>NUESTRA NUEVA PLATAFORMA DE GESTION DE BECAS<\/strong>\u00a0pulsando en este enlace para regsitrarte y gestionar tu expediente.<\/p>\n<p>[\/et_pb_text][et_pb_button button_url=\u00bbhttps:\/\/escuela.ftmadrid.es\/fmi\/webd\/BECAS_FTM\u00bb button_text=\u00bbACCEDER A LA PLATAFORMA DE GESTION DE BECAS\u00bb button_alignment=\u00bbcenter\u00bb _builder_version=\u00bb4.27.4&#8243; _module_preset=\u00bbdefault\u00bb custom_button=\u00bbon\u00bb button_text_color=\u00bb#772242&#8243; global_colors_info=\u00bb{}\u00bb][\/et_pb_button][et_pb_tabs _builder_version=\u00bb4.27.4&#8243; _module_preset=\u00bbdefault\u00bb global_colors_info=\u00bb{}\u00bb][et_pb_tab title=\u00bbBECAS\u00bb _builder_version=\u00bb4.27.4&#8243; _module_preset=\u00bbdefault\u00bb global_colors_info=\u00bb{}\u00bb]<\/p>\n<h3 style=\"text-align: center;\"><strong>REQUISITOS PARA ACCEDER A LAS BECAS<\/strong><\/h3>\n<p>Para acceder al siguiente programa de becas los jugadores\/as solicitantes deber\u00e1n cumplir los siguientes requisitos:<br \/>1. Tener licencia federativa por alg\u00fan club de Madrid en vigor o independiente sin habilitaci\u00f3n para jugar por alg\u00fan club de fuera de la Comunidad de Madrid.<br \/>2. Estar empadronado en la Comunidad de Madrid con 1 a\u00f1o de anterioridad a la solicitud de la beca o residir en la Comunidad de Madrid de forma continuada.<br \/>3. Entrenar 6 o m\u00e1s horas semanales en cualquier club perteneciente a la FTM.<br \/>4. Haber jugado el \u00faltimo campeonato regional de su categor\u00eda yCampeonato de Espa\u00f1a celebrados (excepto los jugadores junior que podr\u00e1n sustituirlo por el Cto. Absoluto de Madrid).<br \/>5. No haber cumplido los 20 a\u00f1os en el momento de la competici\u00f3n.<br \/>6. Deber\u00e1 representar a la Federaci\u00f3n de Tenis de Madrid en todas las competiciones oficiales en las que sea requerido por \u00e9sta.<\/p>\n<p><strong>Condiciones de las becas<\/strong><br \/>\u2022 El presente programa de becas comenzar\u00e1 a partir del 1 de enero de 2026. Las becas se conceder\u00e1n exclusivamente para jugar los CAMPEONATOS DE<br \/>ESPA\u00d1A INDIVIDUALES, CIRCUITO RAFA NADAL TOUR (SUB 12 Y SUB 14), CIRCUITO MUTUA SUB 16, TORNEOS TENNIS EUROPE (SUB 12 Y SUB 14), ITF JUNIORS SUB 18, M15K y M25K, W15K y W25K que se jueguen fuera de la Comunidad de Madrid, incluidos los jugados en el extranjero. No tendr\u00e1n derecho a beca los torneos de dobles.<br \/>\u2022 Por cada ronda del cuadro final que el participante gane, se le conceder\u00e1n 60 euros de ayuda, hasta un m\u00e1ximo de 360 Euros ganados por rondas en cada torneo. No se computar\u00e1n las rondas pasadas por Bye.<br \/>\u2022 Estas becas solo se conceden para los cuadros finales de los torneos mencionados, nunca para las fases previas. No obstante, si un jugador\/a perdiera en la primera ronda del cuadro final habiendo superado la fase previa, se le conceder\u00e1 una beca de 60 euros: El jugador\/a que quede campe\u00f3n de cualquiera de los torneos mencionados, recibir\u00e1 en concepto de \u201cBonus\u201d 60 euros adicionales, sin perjuicio de los ganados por superar las rondas.<br \/>Cobro de las becas<br \/>\u2022 Para el cobro de las becas, deber\u00e1n ACCEDER nuestra nueva plataforma de gesti\u00f3n de BECAS registrarse completando todos los datos requeridos.<br \/>\u2022 Posteriormente recibir\u00e1 en el correo electr\u00f3nico de su registro sus datos de acceso con los que podr\u00e1 acceder a gestionar su expediente.<br \/>\u2022 Para gestionar su expediente necesitar\u00e1 a parte de sus datos personales:<br \/>\u2022 NUMERO DE LICENCIA:<br \/>\u2022 NOMBRE DEL TORNEO:<br \/>\u2022 FECHA DEL TORNEO:<br \/>\u2022 RESULTADO:<br \/>\u2022 CLUB DONDE ENTRENA Y PERTENECE:<br \/>\u2022 DIAS DE ENTRENAMIENTO:<\/p>\n<p><strong>Justificaci\u00f3n de torneos y plazos<\/strong><br \/>\u2022 Los datos y cuadros deber\u00e1n ser presentados en formato PDF, completos y legibles, donde consten claramente el nombre del torneo, la fecha del torneo y la ronda alcanzada, dentro de los plazos de justificaci\u00f3n establecidos en el presente documento.<br \/>\u2022 Ser\u00e1n denegadas las becas en el caso que se presenten los cuadros en la federaci\u00f3n una vez vencido el plazo m\u00e1ximo de justificaci\u00f3n correspondiente, as\u00ed como cuando no se presenten en la forma anteriormente descrita.<br \/>\u2022 El presente programa se inicia con fecha de 1 de enero de 2026.<br \/>\u2022 Los plazos de justificaci\u00f3n trimestrales de los mismos ser\u00e1n:<br \/>\u2022 Primer trimestre 2026: entrar\u00e1n en el primer trimestre todos los torneos jugados entre el 1 enero y el 31 de marzo. El plazo para justificar la participaci\u00f3n en dichos torneos finaliza el 15 de abril de 2026.<br \/>\u2022 Segundo trimestre 2026: entrar\u00e1n en el segundo trimestre todos los torneos jugados entre el 1 de abril y el 30 de junio. El plazo para justificar la participaci\u00f3n en dichos torneos finaliza el 15 de julio de 2026.<br \/>\u2022 Tercer trimestre 2026: entrar\u00e1n en el tercer trimestre todos los torneos jugados entre el 1 de julio y el 30 de septiembre. El plazo para justificar la participaci\u00f3n en dichos torneos finaliza el 15 de octubre de 2026.<br \/>\u2022 Cuarto trimestre 2026: entrar\u00e1n en el cuarto trimestre todos los torneos jugados entre el 1 de octubre y el 31 de diciembre. El plazo para justificar la participaci\u00f3n en dichos torneos finaliza el 20 de enero de 2027.<\/p>\n<p><strong>Forma de disfrute de la beca<\/strong><\/p>\n<p>Las Becas ser\u00e1n abonadas y podr\u00e1n disfrutarse de la siguiente manera:<br \/>\u2022 50% del importe en servicios de fisioterapia en Fisiorenyst.<br \/>\u2022 50% del importe en la tienda V\u00edctor Mart\u00edn (VTS).<\/p>\n<p><strong>Servicios de fisioterapia<\/strong><br \/>Los servicios incluidos en el programa ser\u00e1n los siguientes:<br \/>\u2022 Sesi\u00f3n Individual de Fisioterapia (50 minutos)<br \/>\u2022 Media Sesi\u00f3n de Descarga Muscular<br \/>\u2022 Sesi\u00f3n Ecoguiada con Valoraci\u00f3n Ecogr\u00e1fica (si fuese necesario=<br \/>Los servicios podr\u00e1n realizarse:<br \/>\u2022 En las instalaciones de la Federaci\u00f3n de Tenis de Madrid.<br \/>\u2022 En la cl\u00ednica Fisiorenyst, situada en Av. Ventisquero de la Condesa 13, Local 27, Madrid. Tel\u00e9fono de contacto: 679 57 89 71<br \/><strong>Tienda V\u00edctor Mart\u00edn<\/strong><br \/>Los servicios y materiales incluidos en el programa ser\u00e1n los siguientes:<br \/>\u2022 Servicio de encordado profesional.<br \/>\u2022 Servicio de personalizaci\u00f3n de raquetas.<br \/>\u2022 Suministro de material deportivo (cordajes, grips y accesorios).<br \/>Los servicios y materiales podr\u00e1n adquirirse en:<br \/>\u2022 La tienda VTS ubicada en las instalaciones de la Federaci\u00f3n de Tenis de Madrid.<br \/>\u2022 La tienda VTS Tenis Barrio del Pilar ubicada en Plaza de Arteijo, 9, 28029, Madrid.<br \/><strong>Observaciones importantes<\/strong><br \/>\u2022 Los plazos para solicitar los servicios en Fisiorenyst y en la tienda V\u00edctor Mart\u00edn deber\u00e1n realizarse dentro de los plazos establecidos (Fuera de estos plazos no se atender\u00e1 a ninguna solicitud):<br \/>\u2022 1\u00ba Trimestre 2026: 1 de julio al 31 de diciembre de 2026<br \/>\u2022 2\u00ba Trimestre 2026: 1 de octubre de 2026 al 31 de marzo de 2027<br \/>\u2022 3\u00ba Trimestre 2026: 1 de enero de 2027 al 30 de junio de 2027<br \/>\u2022 4\u00ba Trimestre 2026: 1 de abril de 2027 al 30 de septiembre de 2027<\/p>\n<p>En caso de que el jugador\/a, familiares del jugador o entrenadores est\u00e9n sancionados o tengan alg\u00fan expediente disciplinario abierto, el Comit\u00e9 T\u00e9cnico de la Federaci\u00f3n de Tenis de Madrid se reserva el derecho de anular o suspender cualquiera de las ayudas o becas conseguidas.<\/p>\n<p>&nbsp;<\/p>\n<p>[\/et_pb_tab][et_pb_tab title=\u00bbBECAS POR CONCURRENCIA\u00bb _builder_version=\u00bb4.27.4&#8243; _module_preset=\u00bbdefault\u00bb global_colors_info=\u00bb{}\u00bb]<\/p>\n<ul>\n<li><\/li>\n<\/ul>\n<p>[\/et_pb_tab][et_pb_tab title=\u00bbBECAS PARA CAMPEONES JUVENILES DE MADRID\u00bb _builder_version=\u00bb4.27.4&#8243; _module_preset=\u00bbdefault\u00bb global_colors_info=\u00bb{}\u00bb]<\/p>\n<h3 class=\"subtitulo separador2\"><strong>Becas Campeones Territoriales FTM 2026<\/strong><\/h3>\n<div class=\"subtitulo\">Actualizado el 1 de enero 2026<\/div>\n<div>\n<div class=\"detalle\">\n<div class=\"detalle-textos\">\n<div><\/div>\n<div>\n<div>\n<p>Este programa de becas va destinado a todos los jugadores con licencia por la FTM, que se proclamen campeones\/as y subcampeones\/as de los Campeonatos Auton\u00f3micos de Madrid en todas las categor\u00edas juveniles.<\/p>\n<p>Las becas tendr\u00e1n la siguiente dotaci\u00f3n econ\u00f3mica:<\/p>\n<p><span><em><strong>BENJAM\u00cdN<\/strong><\/em><\/span>:<\/p>\n<ul>\n<li><strong><em>Camp\u00e9on<\/em><\/strong>: 400 euros<\/li>\n<li><em><strong>Finalista<\/strong><\/em>: 200 eros<\/li>\n<\/ul>\n<p><span><em><strong>ALEV\u00cdN, INFANTIL, CADETE Y J\u00daNIOR<\/strong><\/em><\/span><\/p>\n<ul>\n<li><em><strong>Campe\u00f3n<\/strong><\/em>: 800 euros<\/li>\n<li><em><strong>Finalista<\/strong><\/em>: 400 euros<\/li>\n<\/ul>\n<p>Para acceder al siguiente programa de becas los jugadores\/as\u00a0<strong>deber\u00e1n cumplir los siguientes requisitos:<\/strong><\/p>\n<ol>\n<li><strong>Tener licencia federativa en vigor por la Comunidad de Madrid<\/strong><\/li>\n<li><strong>Estar cursando estudios en cualquier centro p\u00fablico o privado de la Comunidad de Madrid, de manera presencial<\/strong><\/li>\n<li><strong>Estar empadronado en la Comunidad de Madrid con 1 a\u00f1o de anterioridad a la solicitud de la beca o residir en la Comunidad de Madrid de forma continuada<\/strong><\/li>\n<li><strong>Entrenar en cualquier club perteneciente a la FTM<\/strong><\/li>\n<\/ol>\n<p><span><em>Si el ganador\/a no cumple con los requisitos necesarios, la beca pasar\u00e1 al finalista y la del finalista al mejor semifinalista con mejor Ranking RFET en el momento del sorteo. Si es el finalista el que no lo cumple, la beca pasar\u00e1 al semifinalista con mejor Ranking RFET en el momento del sorteo. Si alguno de los semifinalistas no cumplieran tampoco con los requisitos, la beca pasar\u00e1 al cuartofinalista con mejor Ranking RFET<\/em>.<\/span><\/p>\n<p>El importe de estas Becas, ir\u00e1 destinado a sufragar los costes en los entrenamientos de los jugadores. Cada jugador elegir\u00e1 entrenar con el entrenador y en la escuela que desee, por ello, la beca que el jugador consiga, se le entregar\u00e1 directamente a la Escuela o al entrenador que nos haya comunicado y de esta forma servir\u00e1 para descontar dicha cantidad en los costes de entrenamiento del jugador.<\/p>\n<p>La beca se entregar\u00e1 en los 30 d\u00edas siguientes despu\u00e9s de haber terminado el campeonato.<\/p>\n<ul>\n<li><strong>En caso de que el jugador\/a, familiares del jugador o entrenadores est\u00e9n sancionados o tengan alg\u00fan expediente disciplinario abierto, el Comit\u00e9 T\u00e9cnico de la Federaci\u00f3n de Tenis de Madrid se reserva el derecho de anular o suspender cualquiera de las ayudas o becas conseguidas.<\/strong><\/li>\n<\/ul>\n<\/div>\n<\/div>\n<\/div>\n<\/div>\n<\/div>\n<p>[\/et_pb_tab][\/et_pb_tabs][et_pb_button button_url=\u00bbhttps:\/\/escuela.ftmadrid.es\/fmi\/webd\/BECAS_FTM\u00bb button_text=\u00bbACCEDER A LA PLATAFORMA DE GESTION DE BECAS\u00bb button_alignment=\u00bbcenter\u00bb _builder_version=\u00bb4.27.4&#8243; _module_preset=\u00bbdefault\u00bb custom_button=\u00bbon\u00bb button_text_color=\u00bb#772242&#8243; global_colors_info=\u00bb{}\u00bb][\/et_pb_button][\/et_pb_column][\/et_pb_row][\/et_pb_section][et_pb_section fb_built=\u00bb1&#8243; admin_label=\u00bbFooter\u00bb _builder_version=\u00bb4.16&#8243; _module_preset=\u00bbdefault\u00bb global_module=\u00bb80&#8243; saved_tabs=\u00bball\u00bb locked=\u00bboff\u00bb global_colors_info=\u00bb{}\u00bb][et_pb_row column_structure=\u00bb1_3,1_3,1_3&#8243; use_custom_gutter=\u00bbon\u00bb gutter_width=\u00bb1&#8243; make_equal=\u00bbon\u00bb _builder_version=\u00bb4.16&#8243; _module_preset=\u00bbdefault\u00bb global_colors_info=\u00bb{}\u00bb][et_pb_column type=\u00bb1_3&#8243; _builder_version=\u00bb4.16&#8243; _module_preset=\u00bbdefault\u00bb custom_padding=\u00bb|40px|||false|false\u00bb custom_padding_tablet=\u00bb|0px|40px||false|false\u00bb custom_padding_phone=\u00bb\u00bb custom_padding_last_edited=\u00bbon|phone\u00bb global_colors_info=\u00bb{}\u00bb][et_pb_text _builder_version=\u00bb4.27.4&#8243; _module_preset=\u00bb7e815e5b-c042-4930-9f47-86f0425bfee6&#8243; header_font=\u00bb||||||||\u00bb header_4_font=\u00bbSyncopate|700||on|||||\u00bb header_4_text_color=\u00bb#000000&#8243; header_4_font_size=\u00bb14px\u00bb header_4_line_height=\u00bb1.8em\u00bb max_width=\u00bb550px\u00bb header_4_font_size_tablet=\u00bb14px\u00bb header_4_font_size_phone=\u00bb12px\u00bb header_4_font_size_last_edited=\u00bbon|desktop\u00bb locked=\u00bboff\u00bb global_colors_info=\u00bb{}\u00bb]<\/p>\n<h4>TEL\u00c9FONO<\/h4>\n<p>[\/et_pb_text][et_pb_text _builder_version=\u00bb4.27.4&#8243; _module_preset=\u00bbe86a652b-bf09-4f72-ae7e-837e1e9c4ea7&#8243; text_font=\u00bbSyncopate|700|||||||\u00bb text_text_color=\u00bb#000000&#8243; text_font_size=\u00bb24px\u00bb text_line_height=\u00bb1.5em\u00bb link_text_color=\u00bb#000000&#8243; locked=\u00bboff\u00bb global_colors_info=\u00bb{}\u00bb]<\/p>\n<p>913 933 284<\/p>\n<p>[\/et_pb_text][et_pb_text _builder_version=\u00bb4.27.4&#8243; _module_preset=\u00bb7e815e5b-c042-4930-9f47-86f0425bfee6&#8243; text_font=\u00bbSyncopate|700||on|||||\u00bb text_text_color=\u00bb#000000&#8243; text_font_size=\u00bb26px\u00bb text_line_height=\u00bb1.8em\u00bb link_text_color=\u00bb#000000&#8243; header_font=\u00bb||||||||\u00bb header_4_font=\u00bbSyncopate|700||on|||||\u00bb header_4_text_color=\u00bb#000000&#8243; header_4_font_size=\u00bb14px\u00bb header_4_line_height=\u00bb1.8em\u00bb max_width=\u00bb550px\u00bb custom_margin=\u00bb40px||||false|false\u00bb text_font_size_tablet=\u00bb20px\u00bb text_font_size_phone=\u00bb16px\u00bb text_font_size_last_edited=\u00bbon|phone\u00bb header_4_font_size_tablet=\u00bb14px\u00bb header_4_font_size_phone=\u00bb12px\u00bb header_4_font_size_last_edited=\u00bbon|desktop\u00bb locked=\u00bboff\u00bb global_colors_info=\u00bb{}\u00bb]<\/p>\n<h4>DIRECCI\u00d3N<\/h4>\n<p>[\/et_pb_text][et_pb_text _builder_version=\u00bb4.27.4&#8243; _module_preset=\u00bbe86a652b-bf09-4f72-ae7e-837e1e9c4ea7&#8243; text_font=\u00bbSyncopate|700|||||||\u00bb text_text_color=\u00bb#000000&#8243; text_font_size=\u00bb24px\u00bb text_line_height=\u00bb1.5em\u00bb link_text_color=\u00bb#000000&#8243; global_colors_info=\u00bb{}\u00bb]<\/p>\n<p>C\/ SANT CUGAT DEL VALLES, S\/N<\/p>\n<p>28035 MADRID<\/p>\n<p>[\/et_pb_text][\/et_pb_column][et_pb_column type=\u00bb1_3&#8243; _builder_version=\u00bb4.16&#8243; _module_preset=\u00bbdefault\u00bb background_color=\u00bb#d5ff00&#8243; custom_padding=\u00bb50px|50px|50px|50px|true|true\u00bb custom_padding_tablet=\u00bb\u00bb custom_padding_phone=\u00bb20px|20px|20px|20px|true|true\u00bb custom_padding_last_edited=\u00bbon|phone\u00bb global_colors_info=\u00bb{%22gcid-5fba0126-308f-4f42-aa94-6c5d80831bca%22:%91%93}\u00bb][et_pb_text _builder_version=\u00bb4.27.4&#8243; _module_preset=\u00bb7e815e5b-c042-4930-9f47-86f0425bfee6&#8243; header_font=\u00bb||||||||\u00bb header_4_font=\u00bbSyncopate|700||on|||||\u00bb header_4_text_color=\u00bb#000000&#8243; header_4_font_size=\u00bb14px\u00bb header_4_line_height=\u00bb1.8em\u00bb max_width=\u00bb550px\u00bb custom_margin=\u00bb||0px||false|false\u00bb header_4_font_size_tablet=\u00bb14px\u00bb header_4_font_size_phone=\u00bb12px\u00bb header_4_font_size_last_edited=\u00bbon|desktop\u00bb locked=\u00bboff\u00bb global_colors_info=\u00bb{}\u00bb]<\/p>\n<h4>siguenos<\/h4>\n<p>[\/et_pb_text][et_pb_social_media_follow icon_color=\u00bb#000000&#8243; _builder_version=\u00bb4.27.4&#8243; _module_preset=\u00bbdefault\u00bb custom_margin=\u00bb30px|||-10px|false|false\u00bb global_colors_info=\u00bb{}\u00bb][et_pb_social_media_follow_network social_network=\u00bbfacebook\u00bb _builder_version=\u00bb4.16&#8243; _module_preset=\u00bbdefault\u00bb background_enable_color=\u00bboff\u00bb global_colors_info=\u00bb{}\u00bb follow_button=\u00bboff\u00bb url_new_window=\u00bbon\u00bb]facebook[\/et_pb_social_media_follow_network][et_pb_social_media_follow_network social_network=\u00bbtwitter\u00bb _builder_version=\u00bb4.27.4&#8243; _module_preset=\u00bbdefault\u00bb background_enable_color=\u00bboff\u00bb global_colors_info=\u00bb{}\u00bb follow_button=\u00bboff\u00bb url_new_window=\u00bbon\u00bb]twitter[\/et_pb_social_media_follow_network][et_pb_social_media_follow_network social_network=\u00bbinstagram\u00bb _builder_version=\u00bb4.16&#8243; _module_preset=\u00bbdefault\u00bb background_color=\u00bb#ea2c59&#8243; background_enable_color=\u00bboff\u00bb global_colors_info=\u00bb{}\u00bb follow_button=\u00bboff\u00bb url_new_window=\u00bbon\u00bb]instagram[\/et_pb_social_media_follow_network][et_pb_social_media_follow_network social_network=\u00bbyoutube\u00bb _builder_version=\u00bb4.16&#8243; _module_preset=\u00bbdefault\u00bb background_color=\u00bb#a82400&#8243; background_enable_color=\u00bboff\u00bb global_colors_info=\u00bb{}\u00bb follow_button=\u00bboff\u00bb url_new_window=\u00bbon\u00bb]youtube[\/et_pb_social_media_follow_network][\/et_pb_social_media_follow][\/et_pb_column][et_pb_column type=\u00bb1_3&#8243; _builder_version=\u00bb4.16&#8243; _module_preset=\u00bbdefault\u00bb background_color=\u00bb#000000&#8243; custom_padding=\u00bb100px||50px|50px|false|false\u00bb custom_padding_tablet=\u00bb\u00bb custom_padding_phone=\u00bb20px|20px|20px|20px|true|true\u00bb custom_padding_last_edited=\u00bbon|phone\u00bb box_shadow_style=\u00bbpreset4&#8243; box_shadow_horizontal=\u00bb250px\u00bb box_shadow_vertical=\u00bb0px\u00bb box_shadow_color=\u00bb#000000&#8243; box_shadow_horizontal_tablet=\u00bb0px\u00bb box_shadow_horizontal_phone=\u00bb\u00bb box_shadow_horizontal_last_edited=\u00bbon|phone\u00bb global_colors_info=\u00bb{%22gcid-5fba0126-308f-4f42-aa94-6c5d80831bca%22:%91%93,%22gcid-659417ab-e651-462e-aeeb-08590c0ad506%22:%91%93}\u00bb][\/et_pb_column][\/et_pb_row][\/et_pb_section]<\/p>\n","protected":false},"excerpt":{"rendered":"<p>BECAS FTM &nbsp;Viene siendo una realidad desde hace tiempo que el n\u00famero de tenistas madrile\u00f1os que participa en torneos fuera de su comunidad va en aumento. Valorando ese esfuerzo, y siendo la protecci\u00f3n y promoci\u00f3n de los tenistas madrile\u00f1os uno de los objetivos fundamentales de la estrategia de desarrollo de la Federaci\u00f3n de Tenis de [&hellip;]<\/p>\n","protected":false},"author":1,"featured_media":0,"parent":0,"menu_order":0,"comment_status":"closed","ping_status":"closed","template":"","meta":{"_et_pb_use_builder":"on","_et_pb_old_content":"","_et_gb_content_width":"","footnotes":""},"class_list":["post-57","page","type-page","status-publish","hentry"],"_links":{"self":[{"href":"https:\/\/ftmadrid.es\/index.php\/wp-json\/wp\/v2\/pages\/57","targetHints":{"allow":["GET"]}}],"collection":[{"href":"https:\/\/ftmadrid.es\/index.php\/wp-json\/wp\/v2\/pages"}],"about":[{"href":"https:\/\/ftmadrid.es\/index.php\/wp-json\/wp\/v2\/types\/page"}],"author":[{"embeddable":true,"href":"https:\/\/ftmadrid.es\/index.php\/wp-json\/wp\/v2\/users\/1"}],"replies":[{"embeddable":true,"href":"https:\/\/ftmadrid.es\/index.php\/wp-json\/wp\/v2\/comments?post=57"}],"version-history":[{"count":34,"href":"https:\/\/ftmadrid.es\/index.php\/wp-json\/wp\/v2\/pages\/57\/revisions"}],"predecessor-version":[{"id":185,"href":"https:\/\/ftmadrid.es\/index.php\/wp-json\/wp\/v2\/pages\/57\/revisions\/185"}],"wp:attachment":[{"href":"https:\/\/ftmadrid.es\/index.php\/wp-json\/wp\/v2\/media?parent=57"}],"curies":[{"name":"wp","href":"https:\/\/api.w.org\/{rel}","templated":true}]}}